{"id":3519,"date":"2026-04-11T22:36:41","date_gmt":"2026-04-11T20:36:41","guid":{"rendered":"https:\/\/monequipedepoche.com\/?page_id=3519"},"modified":"2026-04-15T21:59:44","modified_gmt":"2026-04-15T19:59:44","slug":"acces-boutique","status":"publish","type":"page","link":"https:\/\/monequipedepoche.com\/index.php\/acces-boutique\/","title":{"rendered":"Acc\u00e8s boutique"},"content":{"rendered":"\n\n","protected":false},"excerpt":{"rendered":"Acc\u00e9der \u00e0 sa boutique Acc\u00e9der Des questions ? Prenez contact avec nous! +32 473 17 04 46 monequipedepoche@hotmail.com Nous contacter","protected":false},"author":990002,"featured_media":0,"parent":0,"menu_order":0,"comment_status":"closed","ping_status":"closed","template":"full-width","meta":{"saved_in_kubio":true,"footnotes":""},"class_list":["post-3519","page","type-page","status-publish","hentry"],"kubio_ai_page_context":{"short_desc":"","purpose":"general"},"_links":{"self":[{"href":"https:\/\/monequipedepoche.com\/index.php\/wp-json\/wp\/v2\/pages\/3519","targetHints":{"allow":["GET"]}}],"collection":[{"href":"https:\/\/monequipedepoche.com\/index.php\/wp-json\/wp\/v2\/pages"}],"about":[{"href":"https:\/\/monequipedepoche.com\/index.php\/wp-json\/wp\/v2\/types\/page"}],"author":[{"embeddable":true,"href":"https:\/\/monequipedepoche.com\/index.php\/wp-json\/wp\/v2\/users\/990002"}],"replies":[{"embeddable":true,"href":"https:\/\/monequipedepoche.com\/index.php\/wp-json\/wp\/v2\/comments?post=3519"}],"version-history":[{"count":9,"href":"https:\/\/monequipedepoche.com\/index.php\/wp-json\/wp\/v2\/pages\/3519\/revisions"}],"predecessor-version":[{"id":3591,"href":"https:\/\/monequipedepoche.com\/index.php\/wp-json\/wp\/v2\/pages\/3519\/revisions\/3591"}],"wp:attachment":[{"href":"https:\/\/monequipedepoche.com\/index.php\/wp-json\/wp\/v2\/media?parent=3519"}],"curies":[{"name":"wp","href":"https:\/\/api.w.org\/{rel}","templated":true}]}}