{"id":3215,"date":"2026-03-03T21:28:07","date_gmt":"2026-03-03T20:28:07","guid":{"rendered":"https:\/\/monequipedepoche.com\/index.php\/lalbum-dohey\/"},"modified":"2026-04-15T21:52:20","modified_gmt":"2026-04-15T19:52:20","slug":"lalbum-dohey","status":"publish","type":"page","link":"https:\/\/monequipedepoche.com\/index.php\/lalbum-dohey\/","title":{"rendered":"L&#8217;album d&#8217;Ohey"},"content":{"rendered":"\n\n","protected":false},"excerpt":{"rendered":"L'album du Royal Standard Club Oheytois Dans ce club familial, le comit\u00e9 a d\u00e9cid\u00e9 d'offrir les albums \u00e0 tous les jeunes. Ensuite, c'est \u00e0 la buvette et dans trois commerces locaux que le club a d\u00e9cid\u00e9 de mettre en vente les pochettes. Strat\u00e9gie payante car les ventes ont \u00e9t\u00e9 exceptionnelle ! 204 Vignettes En cours [...]","protected":false},"author":990002,"featured_media":0,"parent":0,"menu_order":0,"comment_status":"closed","ping_status":"closed","template":"full-width","meta":{"saved_in_kubio":true,"footnotes":""},"class_list":["post-3215","page","type-page","status-publish","hentry"],"kubio_ai_page_context":{"short_desc":"","purpose":"general"},"_links":{"self":[{"href":"https:\/\/monequipedepoche.com\/index.php\/wp-json\/wp\/v2\/pages\/3215","targetHints":{"allow":["GET"]}}],"collection":[{"href":"https:\/\/monequipedepoche.com\/index.php\/wp-json\/wp\/v2\/pages"}],"about":[{"href":"https:\/\/monequipedepoche.com\/index.php\/wp-json\/wp\/v2\/types\/page"}],"author":[{"embeddable":true,"href":"https:\/\/monequipedepoche.com\/index.php\/wp-json\/wp\/v2\/users\/990002"}],"replies":[{"embeddable":true,"href":"https:\/\/monequipedepoche.com\/index.php\/wp-json\/wp\/v2\/comments?post=3215"}],"version-history":[{"count":4,"href":"https:\/\/monequipedepoche.com\/index.php\/wp-json\/wp\/v2\/pages\/3215\/revisions"}],"predecessor-version":[{"id":3584,"href":"https:\/\/monequipedepoche.com\/index.php\/wp-json\/wp\/v2\/pages\/3215\/revisions\/3584"}],"wp:attachment":[{"href":"https:\/\/monequipedepoche.com\/index.php\/wp-json\/wp\/v2\/media?parent=3215"}],"curies":[{"name":"wp","href":"https:\/\/api.w.org\/{rel}","templated":true}]}}