{"id":3211,"date":"2026-03-03T21:17:22","date_gmt":"2026-03-03T20:17:22","guid":{"rendered":"https:\/\/monequipedepoche.com\/index.php\/lalbum-de-beauvechain\/"},"modified":"2026-04-15T21:52:37","modified_gmt":"2026-04-15T19:52:37","slug":"lalbum-de-beauvechain","status":"publish","type":"page","link":"https:\/\/monequipedepoche.com\/index.php\/lalbum-de-beauvechain\/","title":{"rendered":"L&#8217;album de Beauvechain"},"content":{"rendered":"\n\n","protected":false},"excerpt":{"rendered":"L'album du Sporting Club Beauvechain Une journ\u00e9e photo qui roule comme sur des roulettes, dans ce club familiale, tout \u00e9tait facile. Organisation, planification et engouement, tout \u00e9tait d\u00e9j\u00e0 r\u00e9uni pour que l'album soit une v\u00e9ritable r\u00e9ussite. 198 Vignettes En cours POCHETTES VENDUES 21 Sponsors Int\u00e9ress\u00e9 ? Prenez contact avec nous! +32 473 17 04 46 [...]","protected":false},"author":990002,"featured_media":0,"parent":0,"menu_order":0,"comment_status":"closed","ping_status":"closed","template":"full-width","meta":{"saved_in_kubio":true,"footnotes":""},"class_list":["post-3211","page","type-page","status-publish","hentry"],"kubio_ai_page_context":{"short_desc":"","purpose":"general"},"_links":{"self":[{"href":"https:\/\/monequipedepoche.com\/index.php\/wp-json\/wp\/v2\/pages\/3211","targetHints":{"allow":["GET"]}}],"collection":[{"href":"https:\/\/monequipedepoche.com\/index.php\/wp-json\/wp\/v2\/pages"}],"about":[{"href":"https:\/\/monequipedepoche.com\/index.php\/wp-json\/wp\/v2\/types\/page"}],"author":[{"embeddable":true,"href":"https:\/\/monequipedepoche.com\/index.php\/wp-json\/wp\/v2\/users\/990002"}],"replies":[{"embeddable":true,"href":"https:\/\/monequipedepoche.com\/index.php\/wp-json\/wp\/v2\/comments?post=3211"}],"version-history":[{"count":3,"href":"https:\/\/monequipedepoche.com\/index.php\/wp-json\/wp\/v2\/pages\/3211\/revisions"}],"predecessor-version":[{"id":3585,"href":"https:\/\/monequipedepoche.com\/index.php\/wp-json\/wp\/v2\/pages\/3211\/revisions\/3585"}],"wp:attachment":[{"href":"https:\/\/monequipedepoche.com\/index.php\/wp-json\/wp\/v2\/media?parent=3211"}],"curies":[{"name":"wp","href":"https:\/\/api.w.org\/{rel}","templated":true}]}}