{"id":3205,"date":"2026-03-03T15:16:13","date_gmt":"2026-03-03T14:16:13","guid":{"rendered":"https:\/\/monequipedepoche.com\/index.php\/lalbum-de-grand-leez\/"},"modified":"2026-04-15T21:52:55","modified_gmt":"2026-04-15T19:52:55","slug":"lalbum-de-grand-leez","status":"publish","type":"page","link":"https:\/\/monequipedepoche.com\/index.php\/lalbum-de-grand-leez\/","title":{"rendered":"L&#8217;album de Grand-Leez"},"content":{"rendered":"\n\n","protected":false},"excerpt":{"rendered":"L'album du Royal Football Club Grand-Leez Avec ses 17 \u00e9quipes de jeunes et ses 5 \u00e9quipes s\u00e9niors, Grand-Leez, club connu et reconnu dans la province de Namur, a d\u00e9cid\u00e9 de nous faire confiance pour la cr\u00e9ation de son album personnalis\u00e9. En plus, il a \u00e9t\u00e9 lanc\u00e9 et offert \u00e0 tous \u00e0 No\u00ebl ! Quoi de [...]","protected":false},"author":990002,"featured_media":0,"parent":0,"menu_order":0,"comment_status":"closed","ping_status":"closed","template":"full-width","meta":{"saved_in_kubio":true,"footnotes":""},"class_list":["post-3205","page","type-page","status-publish","hentry"],"kubio_ai_page_context":{"short_desc":"","purpose":"general"},"_links":{"self":[{"href":"https:\/\/monequipedepoche.com\/index.php\/wp-json\/wp\/v2\/pages\/3205","targetHints":{"allow":["GET"]}}],"collection":[{"href":"https:\/\/monequipedepoche.com\/index.php\/wp-json\/wp\/v2\/pages"}],"about":[{"href":"https:\/\/monequipedepoche.com\/index.php\/wp-json\/wp\/v2\/types\/page"}],"author":[{"embeddable":true,"href":"https:\/\/monequipedepoche.com\/index.php\/wp-json\/wp\/v2\/users\/990002"}],"replies":[{"embeddable":true,"href":"https:\/\/monequipedepoche.com\/index.php\/wp-json\/wp\/v2\/comments?post=3205"}],"version-history":[{"count":4,"href":"https:\/\/monequipedepoche.com\/index.php\/wp-json\/wp\/v2\/pages\/3205\/revisions"}],"predecessor-version":[{"id":3586,"href":"https:\/\/monequipedepoche.com\/index.php\/wp-json\/wp\/v2\/pages\/3205\/revisions\/3586"}],"wp:attachment":[{"href":"https:\/\/monequipedepoche.com\/index.php\/wp-json\/wp\/v2\/media?parent=3205"}],"curies":[{"name":"wp","href":"https:\/\/api.w.org\/{rel}","templated":true}]}}