{"id":3202,"date":"2026-03-03T15:07:55","date_gmt":"2026-03-03T14:07:55","guid":{"rendered":"https:\/\/monequipedepoche.com\/index.php\/lalbum-de-bossiere-gembloux\/"},"modified":"2026-04-15T21:53:15","modified_gmt":"2026-04-15T19:53:15","slug":"lalbum-de-bossiere-gembloux","status":"publish","type":"page","link":"https:\/\/monequipedepoche.com\/index.php\/lalbum-de-bossiere-gembloux\/","title":{"rendered":"L&#8217;album de Bossi\u00e8re-Gembloux"},"content":{"rendered":"\n\n","protected":false},"excerpt":{"rendered":"L'album dE Union Bossi\u00e8re-Gembloux Un album cr\u00e9\u00e9 pour le plus grand plaisir des petits et des grands. Tous ont re\u00e7u un album offert par le club, afin d'augmenter l'engouement du projet. Chose r\u00e9ussi avec plus de 9.000 pochettes vendues. 338 Vignettes 9.295 POCHETTES VENDUES 13 Sponsors Int\u00e9ress\u00e9 ? Prenez contact avec nous! +32 473 17 [...]","protected":false},"author":990002,"featured_media":0,"parent":0,"menu_order":0,"comment_status":"closed","ping_status":"closed","template":"full-width","meta":{"saved_in_kubio":true,"footnotes":""},"class_list":["post-3202","page","type-page","status-publish","hentry"],"kubio_ai_page_context":{"short_desc":"","purpose":"general"},"_links":{"self":[{"href":"https:\/\/monequipedepoche.com\/index.php\/wp-json\/wp\/v2\/pages\/3202","targetHints":{"allow":["GET"]}}],"collection":[{"href":"https:\/\/monequipedepoche.com\/index.php\/wp-json\/wp\/v2\/pages"}],"about":[{"href":"https:\/\/monequipedepoche.com\/index.php\/wp-json\/wp\/v2\/types\/page"}],"author":[{"embeddable":true,"href":"https:\/\/monequipedepoche.com\/index.php\/wp-json\/wp\/v2\/users\/990002"}],"replies":[{"embeddable":true,"href":"https:\/\/monequipedepoche.com\/index.php\/wp-json\/wp\/v2\/comments?post=3202"}],"version-history":[{"count":2,"href":"https:\/\/monequipedepoche.com\/index.php\/wp-json\/wp\/v2\/pages\/3202\/revisions"}],"predecessor-version":[{"id":3587,"href":"https:\/\/monequipedepoche.com\/index.php\/wp-json\/wp\/v2\/pages\/3202\/revisions\/3587"}],"wp:attachment":[{"href":"https:\/\/monequipedepoche.com\/index.php\/wp-json\/wp\/v2\/media?parent=3202"}],"curies":[{"name":"wp","href":"https:\/\/api.w.org\/{rel}","templated":true}]}}