{"id":3162,"date":"2026-02-28T21:50:14","date_gmt":"2026-02-28T20:50:14","guid":{"rendered":"https:\/\/monequipedepoche.com\/?page_id=3162"},"modified":"2026-04-15T21:54:39","modified_gmt":"2026-04-15T19:54:39","slug":"lalbum-dassesse","status":"publish","type":"page","link":"https:\/\/monequipedepoche.com\/index.php\/lalbum-dassesse\/","title":{"rendered":"L&#8217;album d&#8217;Assesse"},"content":{"rendered":"\n\n\n\n\n\n","protected":false},"excerpt":{"rendered":"L'album du Royal Union Sportive Assesse 1er contact durant l'\u00e9t\u00e9 pour lancer les photos d\u00e8s le d\u00e9but de la nouvelle saison. Quelques \u00e9changes de mails plus tard, des choix de diff\u00e9rents designs pris et des nombreux sponsors r\u00e9colt\u00e9s, l'album est pr\u00eat \u00e0 \u00eatre cr\u00e9\u00e9! Lancement dans le courant du mois d'octobre. 337 Vignettes 11.625 POCHETTES [...]","protected":false},"author":990002,"featured_media":0,"parent":0,"menu_order":0,"comment_status":"closed","ping_status":"closed","template":"full-width","meta":{"saved_in_kubio":true,"footnotes":""},"class_list":["post-3162","page","type-page","status-publish","hentry"],"kubio_ai_page_context":{"short_desc":"","purpose":"general"},"_links":{"self":[{"href":"https:\/\/monequipedepoche.com\/index.php\/wp-json\/wp\/v2\/pages\/3162","targetHints":{"allow":["GET"]}}],"collection":[{"href":"https:\/\/monequipedepoche.com\/index.php\/wp-json\/wp\/v2\/pages"}],"about":[{"href":"https:\/\/monequipedepoche.com\/index.php\/wp-json\/wp\/v2\/types\/page"}],"author":[{"embeddable":true,"href":"https:\/\/monequipedepoche.com\/index.php\/wp-json\/wp\/v2\/users\/990002"}],"replies":[{"embeddable":true,"href":"https:\/\/monequipedepoche.com\/index.php\/wp-json\/wp\/v2\/comments?post=3162"}],"version-history":[{"count":10,"href":"https:\/\/monequipedepoche.com\/index.php\/wp-json\/wp\/v2\/pages\/3162\/revisions"}],"predecessor-version":[{"id":3588,"href":"https:\/\/monequipedepoche.com\/index.php\/wp-json\/wp\/v2\/pages\/3162\/revisions\/3588"}],"wp:attachment":[{"href":"https:\/\/monequipedepoche.com\/index.php\/wp-json\/wp\/v2\/media?parent=3162"}],"curies":[{"name":"wp","href":"https:\/\/api.w.org\/{rel}","templated":true}]}}