{"id":3101,"date":"2026-02-22T22:08:46","date_gmt":"2026-02-22T21:08:46","guid":{"rendered":"https:\/\/monequipedepoche.com\/?page_id=3101"},"modified":"2026-04-15T21:51:30","modified_gmt":"2026-04-15T19:51:30","slug":"lalbum-de-mon-club","status":"publish","type":"page","link":"https:\/\/monequipedepoche.com\/index.php\/lalbum-de-mon-club\/","title":{"rendered":"L&#8217;album de mon club"},"content":{"rendered":"\n\n\n\n\n\n\n\n\n\n\n\n\n\n\n\n\n\n\n\n\n\n","protected":false},"excerpt":{"rendered":"L'album de mon club Un album personnalis\u00e9, sans frais, qui g\u00e9n\u00e8re des revenus. Retrouvez ci-dessous tous les d\u00e9tails de notre offre ou en t\u00e9l\u00e9chargeant la brochure explicative. Brochure Nous contacter Les albums Nos albums robustes sont 100% personnalisables. La couverture, les couleurs, le design, les sponsors, etc. Nous sommes \u00e0 votre \u00e9coute et nous veillons [...]","protected":false},"author":990002,"featured_media":0,"parent":0,"menu_order":0,"comment_status":"closed","ping_status":"closed","template":"full-width","meta":{"saved_in_kubio":true,"footnotes":""},"class_list":["post-3101","page","type-page","status-publish","hentry"],"kubio_ai_page_context":{"short_desc":"","purpose":"general"},"_links":{"self":[{"href":"https:\/\/monequipedepoche.com\/index.php\/wp-json\/wp\/v2\/pages\/3101","targetHints":{"allow":["GET"]}}],"collection":[{"href":"https:\/\/monequipedepoche.com\/index.php\/wp-json\/wp\/v2\/pages"}],"about":[{"href":"https:\/\/monequipedepoche.com\/index.php\/wp-json\/wp\/v2\/types\/page"}],"author":[{"embeddable":true,"href":"https:\/\/monequipedepoche.com\/index.php\/wp-json\/wp\/v2\/users\/990002"}],"replies":[{"embeddable":true,"href":"https:\/\/monequipedepoche.com\/index.php\/wp-json\/wp\/v2\/comments?post=3101"}],"version-history":[{"count":39,"href":"https:\/\/monequipedepoche.com\/index.php\/wp-json\/wp\/v2\/pages\/3101\/revisions"}],"predecessor-version":[{"id":3583,"href":"https:\/\/monequipedepoche.com\/index.php\/wp-json\/wp\/v2\/pages\/3101\/revisions\/3583"}],"wp:attachment":[{"href":"https:\/\/monequipedepoche.com\/index.php\/wp-json\/wp\/v2\/media?parent=3101"}],"curies":[{"name":"wp","href":"https:\/\/api.w.org\/{rel}","templated":true}]}}