{"id":2895,"date":"2025-03-12T14:47:39","date_gmt":"2025-03-12T13:47:39","guid":{"rendered":"https:\/\/monequipedepoche.com\/index.php\/front_page\/"},"modified":"2026-04-11T22:59:30","modified_gmt":"2026-04-11T20:59:30","slug":"front_page","status":"publish","type":"page","link":"https:\/\/monequipedepoche.com\/","title":{"rendered":"Accueil"},"content":{"rendered":"\n\n\n\n\n\n\n\n\n\n\n\n\n\n\n\n","protected":false},"excerpt":{"rendered":"Souvenir inoubliable Z\u00e9ro co\u00fbt Coh\u00e9sion d'un club B\u00e9n\u00e9fices garantis Chaque sport m\u00e9rite&nbsp;son album Dans chaque club, il y a des souvenirs. Des victoires, des \u00e9quipes, des joueurs qu\u2019on n\u2019oublie pas.Peu importe votre sport ou votre taille, ces moments m\u00e9ritent d\u2019\u00eatre rassembl\u00e9s.Aujourd\u2019hui, vous pouvez cr\u00e9er un album \u00e0 l\u2019image de votre club.Un projet f\u00e9d\u00e9rateur, simple \u00e0 [...]","protected":false},"author":990002,"featured_media":0,"parent":0,"menu_order":0,"comment_status":"closed","ping_status":"closed","template":"","meta":{"saved_in_kubio":true,"footnotes":""},"class_list":["post-2895","page","type-page","status-publish","hentry"],"kubio_ai_page_context":{"short_desc":"","purpose":"general"},"_links":{"self":[{"href":"https:\/\/monequipedepoche.com\/index.php\/wp-json\/wp\/v2\/pages\/2895","targetHints":{"allow":["GET"]}}],"collection":[{"href":"https:\/\/monequipedepoche.com\/index.php\/wp-json\/wp\/v2\/pages"}],"about":[{"href":"https:\/\/monequipedepoche.com\/index.php\/wp-json\/wp\/v2\/types\/page"}],"author":[{"embeddable":true,"href":"https:\/\/monequipedepoche.com\/index.php\/wp-json\/wp\/v2\/users\/990002"}],"replies":[{"embeddable":true,"href":"https:\/\/monequipedepoche.com\/index.php\/wp-json\/wp\/v2\/comments?post=2895"}],"version-history":[{"count":46,"href":"https:\/\/monequipedepoche.com\/index.php\/wp-json\/wp\/v2\/pages\/2895\/revisions"}],"predecessor-version":[{"id":3494,"href":"https:\/\/monequipedepoche.com\/index.php\/wp-json\/wp\/v2\/pages\/2895\/revisions\/3494"}],"wp:attachment":[{"href":"https:\/\/monequipedepoche.com\/index.php\/wp-json\/wp\/v2\/media?parent=2895"}],"curies":[{"name":"wp","href":"https:\/\/api.w.org\/{rel}","templated":true}]}}