{"id":2495,"date":"2021-12-01T16:33:10","date_gmt":"2021-12-01T15:33:10","guid":{"rendered":"https:\/\/monequipedepoche.com\/?page_id=2495"},"modified":"2026-04-15T22:01:51","modified_gmt":"2026-04-15T20:01:51","slug":"formulaire-equipe","status":"publish","type":"page","link":"https:\/\/monequipedepoche.com\/index.php\/formulaire-equipe\/","title":{"rendered":"Commande &#8211; le poster de mon \u00e9quipe"},"content":{"rendered":"\n\n\n\n\n\n\n\n","protected":false},"excerpt":{"rendered":"Commande Le poster de mon \u00e9quipe 1 Remplir le formulaire. Toutes les informations sont n\u00e9cessaires. Elles serviront \u00e0 la cr\u00e9ation ou \u00e0 la livraison. 2 T\u00e9l\u00e9verser les images (photos des membres et de l'\u00e9cusson). Renommer chaque photo pour un traitement efficace : NOM_PRENOM.jpg (ex : dupont_maxime.jpg) 3 Cliquer sur Payer ma commande et effectuer le [...]","protected":false},"author":990002,"featured_media":0,"parent":0,"menu_order":0,"comment_status":"closed","ping_status":"closed","template":"home-page.php","meta":{"saved_in_kubio":true,"footnotes":""},"class_list":["post-2495","page","type-page","status-publish","hentry"],"kubio_ai_page_context":{"short_desc":"","purpose":"general"},"_links":{"self":[{"href":"https:\/\/monequipedepoche.com\/index.php\/wp-json\/wp\/v2\/pages\/2495","targetHints":{"allow":["GET"]}}],"collection":[{"href":"https:\/\/monequipedepoche.com\/index.php\/wp-json\/wp\/v2\/pages"}],"about":[{"href":"https:\/\/monequipedepoche.com\/index.php\/wp-json\/wp\/v2\/types\/page"}],"author":[{"embeddable":true,"href":"https:\/\/monequipedepoche.com\/index.php\/wp-json\/wp\/v2\/users\/990002"}],"replies":[{"embeddable":true,"href":"https:\/\/monequipedepoche.com\/index.php\/wp-json\/wp\/v2\/comments?post=2495"}],"version-history":[{"count":27,"href":"https:\/\/monequipedepoche.com\/index.php\/wp-json\/wp\/v2\/pages\/2495\/revisions"}],"predecessor-version":[{"id":3592,"href":"https:\/\/monequipedepoche.com\/index.php\/wp-json\/wp\/v2\/pages\/2495\/revisions\/3592"}],"wp:attachment":[{"href":"https:\/\/monequipedepoche.com\/index.php\/wp-json\/wp\/v2\/media?parent=2495"}],"curies":[{"name":"wp","href":"https:\/\/api.w.org\/{rel}","templated":true}]}}