{"id":2479,"date":"2021-11-30T12:47:30","date_gmt":"2021-11-30T11:47:30","guid":{"rendered":"https:\/\/monequipedepoche.com\/?page_id=2479"},"modified":"2026-03-04T21:09:02","modified_gmt":"2026-03-04T20:09:02","slug":"politique-de-confidentialite","status":"publish","type":"page","link":"https:\/\/monequipedepoche.com\/index.php\/politique-de-confidentialite\/","title":{"rendered":"Politique de confidentialit\u00e9"},"content":{"rendered":"","protected":false},"excerpt":{"rendered":"Politique de confidentialit\u00e9 1. G\u00c9N\u00c9RALIT\u00c9S1.1. Lors de son inscription ou d\u2019une commande r\u00e9alis\u00e9e par l\u2019Utilisateur, tels que d\u00e9finis dans les\u00a0Conditions d\u2019utilisation\u00a0et\/ou lors des commandes r\u00e9alis\u00e9es par l\u2019Utilisateur, le Vendeur collecte et traite des donn\u00e9es \u00e0 caract\u00e8re personnel le concernant.Ces donn\u00e9es sont collect\u00e9es quel que soit le mode de commande, via le site internet monequipedepoche.com, mises [...]","protected":false},"author":990002,"featured_media":0,"parent":0,"menu_order":0,"comment_status":"closed","ping_status":"closed","template":"full-width","meta":{"saved_in_kubio":true,"footnotes":""},"class_list":["post-2479","page","type-page","status-publish","hentry"],"kubio_ai_page_context":{"short_desc":"","purpose":"general"},"_links":{"self":[{"href":"https:\/\/monequipedepoche.com\/index.php\/wp-json\/wp\/v2\/pages\/2479","targetHints":{"allow":["GET"]}}],"collection":[{"href":"https:\/\/monequipedepoche.com\/index.php\/wp-json\/wp\/v2\/pages"}],"about":[{"href":"https:\/\/monequipedepoche.com\/index.php\/wp-json\/wp\/v2\/types\/page"}],"author":[{"embeddable":true,"href":"https:\/\/monequipedepoche.com\/index.php\/wp-json\/wp\/v2\/users\/990002"}],"replies":[{"embeddable":true,"href":"https:\/\/monequipedepoche.com\/index.php\/wp-json\/wp\/v2\/comments?post=2479"}],"version-history":[{"count":5,"href":"https:\/\/monequipedepoche.com\/index.php\/wp-json\/wp\/v2\/pages\/2479\/revisions"}],"predecessor-version":[{"id":3287,"href":"https:\/\/monequipedepoche.com\/index.php\/wp-json\/wp\/v2\/pages\/2479\/revisions\/3287"}],"wp:attachment":[{"href":"https:\/\/monequipedepoche.com\/index.php\/wp-json\/wp\/v2\/media?parent=2479"}],"curies":[{"name":"wp","href":"https:\/\/api.w.org\/{rel}","templated":true}]}}